{"id":334,"date":"2015-09-03T12:07:55","date_gmt":"2015-09-03T10:07:55","guid":{"rendered":"http:\/\/weld-tech.com\/?page_id=334"},"modified":"2017-03-29T11:58:06","modified_gmt":"2017-03-29T09:58:06","slug":"uber-uns","status":"publish","type":"page","link":"https:\/\/www.weld-tech.com\/de\/uber-uns\/","title":{"rendered":"\u00dcber uns"},"content":{"rendered":"<p>Die Firma <strong>WELD-TECH<\/strong> wurde 1993 durch den Gesch\u00e4ftsf\u00fchrer Ren\u00e9 Gr\u00f8nmark\u00a0gegr\u00fcndet und wird auch heute noch von ihm gef\u00fchrt.<\/p>\n<p>Die Mission des Unternehmens ist die Herstellung von effektiven und flexiblen Werkzeugen zum\u00a0Fixieren und Anpassen von Rohren und\u00a0Rohrverbindungsst\u00fccken aus Metall w\u00e4hrend des Schwei\u00dfens.<\/p>\n<p>Der Nutzen f\u00fcr die Anwender liegt in der Rentabilit\u00e4t, Flexibilit\u00e4t und der Effektivit\u00e4t unserer Werkzeuge, die f\u00fcr ein bestm\u00f6gliches Endergebnis sorgen.<\/p>\n<p>Unser Sortiment wird laufend von Betrieben aller Gr\u00f6\u00dfen in allen Branchen, in denen Rohre geschwei\u00dft werden, nachgefragt. Dieses sehen wir als Beweis daf\u00fcr, dass unsere Aktivit\u00e4ten in der Entwicklungsabteilung den Bedarf erkennen und treffen, und die Bed\u00fcrfnisse der Anwender bedienen.<\/p>\n<p>Ein sehr gutes Beispiel hierf\u00fcr sind unser patentiertes Formiergas-System <a href=\"https:\/\/www.weld-tech.com\/de\/formiergasausruestung\/ez-purge\/\">EZ-Purge<\/a>, sowie\u00a0das einzigartige Design\u00a0unserer <a href=\"https:\/\/www.weld-tech.com\/de\/rohrmontierungszubehoer\/wt-fold-wt-fix\/\">Rohrstative<\/a> und Restsauerstoffmessger\u00e4te Typ <a href=\"https:\/\/www.weld-tech.com\/de\/messgeraete\/handheld-oxygen-monitor-gm1\/\">GM1<\/a> und <a href=\"https:\/\/www.weld-tech.com\/de\/messgeraete\/om1-oxygen-monitor\/\">OM1<\/a>.<\/p>\n<p>Doch es geht auch gr\u00f6\u00dfer.\u00a0F\u00fcr\u00a0die Pipeline-Konstruktion hat WELD-TECH\u00a0innere, hydraulische Werkzeuge <a href=\"https:\/\/www.weld-tech.com\/de\/internal-line-up-clamp-de\/ihp-all-on-board\/\">(IHP)<\/a>\u00a0entwickelt, die\u00a0in vielen Bereichen der Pipeline Industrie die Verbindung von Rohren, sowohl rostfrei als schwarz,\u00a0revolutioniert haben.<\/p>\n<p>Als Ergebnis unser Leistungen k\u00f6nnen wir heute unsere Produkte weltweit in \u00fcber 50 L\u00e4nder exportieren. Hierauf sind wir stolz.<\/p>\n<p>Gerne geben wir Ihnen weitere Informationen \u00fcber uns und unsere Produkte.\u00a0Benutzen Sie hierzu bitte unser <a href=\"https:\/\/www.weld-tech.com\/de\/kontaktieren-sie-uns\/\">Kontaktformular<\/a>.<\/p>\n","protected":false},"excerpt":{"rendered":"<p>Die Firma WELD-TECH wurde 1993 durch den Gesch\u00e4ftsf\u00fchrer Ren\u00e9 Gr\u00f8nmark\u00a0gegr\u00fcndet und wird auch heute noch von ihm gef\u00fchrt. Die Mission des Unternehmens ist die Herstellung von effektiven und flexiblen Werkzeugen zum\u00a0Fixieren und Anpassen von Rohren und\u00a0Rohrverbindungsst\u00fccken aus Metall w\u00e4hrend des Schwei\u00dfens. Der Nutzen f\u00fcr die Anwender liegt in der Rentabilit\u00e4t, Flexibilit\u00e4t und der Effektivit\u00e4t unserer [&hellip;]<\/p>\n","protected":false},"author":1,"featured_media":0,"parent":0,"menu_order":0,"comment_status":"closed","ping_status":"closed","template":"","meta":{"footnotes":""},"acf":[],"_links":{"self":[{"href":"https:\/\/www.weld-tech.com\/de\/wp-json\/wp\/v2\/pages\/334"}],"collection":[{"href":"https:\/\/www.weld-tech.com\/de\/wp-json\/wp\/v2\/pages"}],"about":[{"href":"https:\/\/www.weld-tech.com\/de\/wp-json\/wp\/v2\/types\/page"}],"author":[{"embeddable":true,"href":"https:\/\/www.weld-tech.com\/de\/wp-json\/wp\/v2\/users\/1"}],"replies":[{"embeddable":true,"href":"https:\/\/www.weld-tech.com\/de\/wp-json\/wp\/v2\/comments?post=334"}],"version-history":[{"count":2,"href":"https:\/\/www.weld-tech.com\/de\/wp-json\/wp\/v2\/pages\/334\/revisions"}],"predecessor-version":[{"id":8969,"href":"https:\/\/www.weld-tech.com\/de\/wp-json\/wp\/v2\/pages\/334\/revisions\/8969"}],"wp:attachment":[{"href":"https:\/\/www.weld-tech.com\/de\/wp-json\/wp\/v2\/media?parent=334"}],"curies":[{"name":"wp","href":"https:\/\/api.w.org\/{rel}","templated":true}]}}