{"id":397,"date":"2015-09-03T14:10:58","date_gmt":"2015-09-03T12:10:58","guid":{"rendered":"http:\/\/weld-tech.com\/?page_id=397"},"modified":"2017-03-29T13:06:32","modified_gmt":"2017-03-29T11:06:32","slug":"perfil","status":"publish","type":"page","link":"https:\/\/www.weld-tech.com\/es\/perfil\/","title":{"rendered":"Perfil"},"content":{"rendered":"<p>WELD-TECH fue fundada en 1993. El objetivo de la empresa es fabricar herramientas eficaces y flexibles para fijar y ajustar tuber\u00edas de metal y conexiones durante la soldadura. Los productos est\u00e1n basados en la rentabilidad, la flexibilidad y la eficiencia en beneficio tanto del usuario como del resultado final.<\/p>\n<p>Nuestras actividades en el departamento de desarrollo son una prueba concreta de una gama de productos demandada recurrentemente por grandes y peque\u00f1as empresas, en todos los negocios de soldadura de tuber\u00edas. Esta incluye nuestra <a href=\"https:\/\/www.weld-tech.com\/es\/nyheder-es\/ez-purge\/\">EZ-Purge <\/a>patentada y nuestro dise\u00f1o \u00fanico de <a href=\"https:\/\/www.weld-tech.com\/es\/accesorios-para-instalacion-de-tuberias\/wt-fold-wt-fix\/\">soportes para tuber\u00edas<\/a> y medidores de ox\u00edgeno <a href=\"https:\/\/www.weld-tech.com\/es\/equipo-de-medicion\/monitor-manual-de-oxigeno-gm1\/\">GM1<\/a> y <a href=\"https:\/\/www.weld-tech.com\/es\/equipo-de-medicion\/om1-oxygen-monitor\/\">OM1<\/a>.<\/p>\n<p>Incluso dentro de la construcci\u00f3n de la tuber\u00eda, WELD-TECH ha logrado desarrollar herramientas hidr\u00e1ulicas internas (<a href=\"https:\/\/www.weld-tech.com\/es\/internal-line-up-clamp-es\/ihp-all-on-board\/\">IHP<\/a>, internal hydraulic pipe, en ingl\u00e9s), que han revolucionado en diversos sectores la uni\u00f3n de tuber\u00edas, de acero inoxidable y acero templado, dentro de la industria de las tuber\u00edas.<\/p>\n<p>Para obtener m\u00e1s informaci\u00f3n, por favor comun\u00edquese con su <a href=\"https:\/\/www.weld-tech.com\/es\/contacto\/\">distribuidor de WELD-TECH<\/a>.<\/p>\n","protected":false},"excerpt":{"rendered":"<p>WELD-TECH fue fundada en 1993. El objetivo de la empresa es fabricar herramientas eficaces y flexibles para fijar y ajustar tuber\u00edas de metal y conexiones durante la soldadura. Los productos est\u00e1n basados en la rentabilidad, la flexibilidad y la eficiencia en beneficio tanto del usuario como del resultado final. Nuestras actividades en el departamento de [&hellip;]<\/p>\n","protected":false},"author":1,"featured_media":0,"parent":0,"menu_order":0,"comment_status":"closed","ping_status":"closed","template":"","meta":{"footnotes":""},"acf":[],"_links":{"self":[{"href":"https:\/\/www.weld-tech.com\/es\/wp-json\/wp\/v2\/pages\/397"}],"collection":[{"href":"https:\/\/www.weld-tech.com\/es\/wp-json\/wp\/v2\/pages"}],"about":[{"href":"https:\/\/www.weld-tech.com\/es\/wp-json\/wp\/v2\/types\/page"}],"author":[{"embeddable":true,"href":"https:\/\/www.weld-tech.com\/es\/wp-json\/wp\/v2\/users\/1"}],"replies":[{"embeddable":true,"href":"https:\/\/www.weld-tech.com\/es\/wp-json\/wp\/v2\/comments?post=397"}],"version-history":[{"count":2,"href":"https:\/\/www.weld-tech.com\/es\/wp-json\/wp\/v2\/pages\/397\/revisions"}],"predecessor-version":[{"id":9079,"href":"https:\/\/www.weld-tech.com\/es\/wp-json\/wp\/v2\/pages\/397\/revisions\/9079"}],"wp:attachment":[{"href":"https:\/\/www.weld-tech.com\/es\/wp-json\/wp\/v2\/media?parent=397"}],"curies":[{"name":"wp","href":"https:\/\/api.w.org\/{rel}","templated":true}]}}