{"id":374,"date":"2015-09-03T13:52:31","date_gmt":"2015-09-03T11:52:31","guid":{"rendered":"http:\/\/weld-tech.com\/?page_id=374"},"modified":"2017-03-29T12:58:03","modified_gmt":"2017-03-29T10:58:03","slug":"profil","status":"publish","type":"page","link":"https:\/\/www.weld-tech.com\/fr\/profil\/","title":{"rendered":"Profil"},"content":{"rendered":"<p>WELD-TECH a \u00e9t\u00e9 fond\u00e9e en 1993. L\u2019objectif de l\u2019entreprise est de produire des outils efficaces et flexibles pour la fixation et le r\u00e9glage des tuyaux et des installations m\u00e9talliques pendant le soudage. Les produits sont bas\u00e9s sur la rentabilit\u00e9, la flexibilit\u00e9 et l\u2019efficacit\u00e9 au b\u00e9n\u00e9fice de l\u2019utilisateur et du r\u00e9sultat final.<\/p>\n<p>Nos activit\u00e9s dans le d\u00e9partement de d\u00e9veloppement sont une preuve \u00e9vidente de notre gamme de produits. Une gamme de produits est exig\u00e9e en permanence par les petites et grandes entreprises, parmi toutes les entreprises de soudage de tuyauterie. Cela inclut notre brevet <a href=\"https:\/\/www.weld-tech.com\/fr\/nyheder-fr\/ez-purge\/\">EZ-Purge <\/a>et notre conception unique de <a href=\"https:\/\/www.weld-tech.com\/fr\/accessoires-dinstallation-de-tuyau\/wt-fold-wt-fix\/\">porte-tubes <\/a>et des types de compteurs d\u2019oxyg\u00e8ne <a href=\"https:\/\/www.weld-tech.com\/fr\/equipement-de-mesure\/moniteur-doxygene-portatif-gm1\/\">GM1<\/a> et <a href=\"https:\/\/www.weld-tech.com\/fr\/equipement-de-mesure\/om1-oxygen-monitor\/\">OM1<\/a>.<\/p>\n<p>WELD-TECH a \u00e9t\u00e9 en mesure, au sein m\u00eame de la construction d\u2019un pipeline, de d\u00e9velopper des outils hydrauliques internes <a href=\"https:\/\/www.weld-tech.com\/fr\/internal-line-up-clamp-fr\/ihp-all-on-board\/\">(IHP), <\/a>ayant r\u00e9volutionn\u00e9s dans de nombreux domaines l\u2019assemblage de tuyaux en acier doux et en acier inoxydable, au sein de l\u2019industrie des pipelines.<\/p>\n<p>Pour obtenir de plus amples renseignements, merci de bien vouloir contacter votre<a href=\"https:\/\/www.weld-tech.com\/fr\/contact\/\"> distributeur WELD-TECH<\/a>.<\/p>\n","protected":false},"excerpt":{"rendered":"<p>WELD-TECH a \u00e9t\u00e9 fond\u00e9e en 1993. L\u2019objectif de l\u2019entreprise est de produire des outils efficaces et flexibles pour la fixation et le r\u00e9glage des tuyaux et des installations m\u00e9talliques pendant le soudage. Les produits sont bas\u00e9s sur la rentabilit\u00e9, la flexibilit\u00e9 et l\u2019efficacit\u00e9 au b\u00e9n\u00e9fice de l\u2019utilisateur et du r\u00e9sultat final. Nos activit\u00e9s dans le [&hellip;]<\/p>\n","protected":false},"author":1,"featured_media":0,"parent":0,"menu_order":0,"comment_status":"closed","ping_status":"closed","template":"","meta":{"footnotes":""},"acf":[],"_links":{"self":[{"href":"https:\/\/www.weld-tech.com\/fr\/wp-json\/wp\/v2\/pages\/374"}],"collection":[{"href":"https:\/\/www.weld-tech.com\/fr\/wp-json\/wp\/v2\/pages"}],"about":[{"href":"https:\/\/www.weld-tech.com\/fr\/wp-json\/wp\/v2\/types\/page"}],"author":[{"embeddable":true,"href":"https:\/\/www.weld-tech.com\/fr\/wp-json\/wp\/v2\/users\/1"}],"replies":[{"embeddable":true,"href":"https:\/\/www.weld-tech.com\/fr\/wp-json\/wp\/v2\/comments?post=374"}],"version-history":[{"count":2,"href":"https:\/\/www.weld-tech.com\/fr\/wp-json\/wp\/v2\/pages\/374\/revisions"}],"predecessor-version":[{"id":9053,"href":"https:\/\/www.weld-tech.com\/fr\/wp-json\/wp\/v2\/pages\/374\/revisions\/9053"}],"wp:attachment":[{"href":"https:\/\/www.weld-tech.com\/fr\/wp-json\/wp\/v2\/media?parent=374"}],"curies":[{"name":"wp","href":"https:\/\/api.w.org\/{rel}","templated":true}]}}