{"id":9315,"date":"2017-04-05T08:48:38","date_gmt":"2017-04-05T06:48:38","guid":{"rendered":"http:\/\/weldtech.webserver1.decentra.net\/pt-pt\/?page_id=9315"},"modified":"2020-05-04T13:26:59","modified_gmt":"2020-05-04T11:26:59","slug":"casa","status":"publish","type":"page","link":"https:\/\/www.weld-tech.com\/pt-pt\/","title":{"rendered":"Casa"},"content":{"rendered":"<div class=\"flex_column av_one_full  flex_column_div av-zero-column-padding first  \" style='border-radius:0px; '><div  data-size='featured'  data-lightbox_size='large'  data-animation='slide'  data-ids='5077,5084'  data-video_counter='0'  data-autoplay='false'  data-bg_slider='false'  data-slide_height=''  data-handle='av_slideshow'  data-interval='5'  data-class=' '  data-css_id=''  data-scroll_down=''  data-control_layout='av-control-default'  data-custom_markup=''  data-perma_caption=''  data-autoplay_stopper=''  data-image_attachment=''  data-min_height='0px'  data-default-height='28.666666666667'  class='avia-slideshow avia-slideshow-1  av-control-default av-default-height-applied avia-slideshow-featured av_slideshow   avia-slide-slider '  itemscope=\"itemscope\" itemtype=\"https:\/\/schema.org\/ImageObject\" ><ul class='avia-slideshow-inner' style='padding-bottom: 39.583333333333%;'><li  class=' slide-1 ' ><div data-rel='slideshow-1' class='avia-slide-wrap'  ><img src='https:\/\/www.weld-tech.com\/wp-content\/uploads\/2015\/11\/1-3.jpg' width='960' height='380' title='1 (3)' alt=''  itemprop=\"thumbnailUrl\"   \/><\/div><\/li><li  class=' slide-2 ' ><div data-rel='slideshow-1' class='avia-slide-wrap'  ><img src='https:\/\/www.weld-tech.com\/wp-content\/uploads\/2015\/11\/3-3.jpg' width='960' height='380' title='3 (3)' alt=''  itemprop=\"thumbnailUrl\"   \/><\/div><\/li><\/ul><div class='avia-slideshow-arrows avia-slideshow-controls'><a href='#prev' class='prev-slide' aria-hidden='true' data-av_icon='\ue87c' data-av_iconfont='entypo-fontello'>Previous<\/a><a href='#next' class='next-slide' aria-hidden='true' data-av_icon='\ue87d' data-av_iconfont='entypo-fontello'>Next<\/a><\/div><div class='avia-slideshow-dots avia-slideshow-controls'><a href='#1' class='goto-slide active' >1<\/a><a href='#2' class='goto-slide ' >2<\/a><\/div><\/div><\/div><section class=\"av_textblock_section \"  itemscope=\"itemscope\" itemtype=\"https:\/\/schema.org\/CreativeWork\" ><div class='avia_textblock  '   itemprop=\"text\" ><h1>Casa<\/h1>\n<p><b>WELD-TECH ApS<\/b><\/p>\n<p>A WELD-TECH foi fundada em 1993. O objective da empresa \u00e9 produzir ferramentas eficazes e flex\u00edveis para a fixa\u00e7\u00e3o e ajustamento de tubos e acess\u00f3rios de metal durante a soldadura.<\/p>\n<p>Os produtos t\u00eam por base a rentabilidade, flexibilidade e efici\u00eancia, para benef\u00edcio dos utilizadores e do resultado final.<\/p>\n<\/div><\/section>\n","protected":false},"excerpt":{"rendered":"","protected":false},"author":1,"featured_media":0,"parent":0,"menu_order":0,"comment_status":"closed","ping_status":"open","template":"","meta":{"footnotes":""},"acf":[],"_links":{"self":[{"href":"https:\/\/www.weld-tech.com\/pt-pt\/wp-json\/wp\/v2\/pages\/9315"}],"collection":[{"href":"https:\/\/www.weld-tech.com\/pt-pt\/wp-json\/wp\/v2\/pages"}],"about":[{"href":"https:\/\/www.weld-tech.com\/pt-pt\/wp-json\/wp\/v2\/types\/page"}],"author":[{"embeddable":true,"href":"https:\/\/www.weld-tech.com\/pt-pt\/wp-json\/wp\/v2\/users\/1"}],"replies":[{"embeddable":true,"href":"https:\/\/www.weld-tech.com\/pt-pt\/wp-json\/wp\/v2\/comments?post=9315"}],"version-history":[{"count":3,"href":"https:\/\/www.weld-tech.com\/pt-pt\/wp-json\/wp\/v2\/pages\/9315\/revisions"}],"predecessor-version":[{"id":10861,"href":"https:\/\/www.weld-tech.com\/pt-pt\/wp-json\/wp\/v2\/pages\/9315\/revisions\/10861"}],"wp:attachment":[{"href":"https:\/\/www.weld-tech.com\/pt-pt\/wp-json\/wp\/v2\/media?parent=9315"}],"curies":[{"name":"wp","href":"https:\/\/api.w.org\/{rel}","templated":true}]}}