{"id":418,"date":"2015-09-03T16:09:37","date_gmt":"2015-09-03T14:09:37","guid":{"rendered":"http:\/\/weld-tech.com\/?page_id=418"},"modified":"2020-05-04T13:26:01","modified_gmt":"2020-05-04T11:26:01","slug":"hem","status":"publish","type":"page","link":"https:\/\/www.weld-tech.com\/sv\/","title":{"rendered":"Framsida"},"content":{"rendered":"<div class=\"flex_column av_one_full  flex_column_div av-zero-column-padding first  \" style='border-radius:0px; '><div  data-size='featured'  data-lightbox_size='large'  data-animation='slide'  data-ids='5055,5062'  data-video_counter='0'  data-autoplay='false'  data-bg_slider='false'  data-slide_height=''  data-handle='av_slideshow'  data-interval='5'  data-class=' '  data-css_id=''  data-scroll_down=''  data-control_layout='av-control-default'  data-custom_markup=''  data-perma_caption=''  data-autoplay_stopper=''  data-image_attachment=''  data-min_height='0px'  data-default-height='28.666666666667'  class='avia-slideshow avia-slideshow-1  av-control-default av-default-height-applied avia-slideshow-featured av_slideshow   avia-slide-slider '  itemscope=\"itemscope\" itemtype=\"https:\/\/schema.org\/ImageObject\" ><ul class='avia-slideshow-inner' style='padding-bottom: 39.583333333333%;'><li  class=' slide-1 ' ><div data-rel='slideshow-1' class='avia-slide-wrap'  ><img src='https:\/\/www.weld-tech.com\/wp-content\/uploads\/2015\/11\/1-2.jpg' width='960' height='380' title='1 (2)' alt=''  itemprop=\"thumbnailUrl\"   \/><\/div><\/li><li  class=' slide-2 ' ><div data-rel='slideshow-1' class='avia-slide-wrap'  ><img src='https:\/\/www.weld-tech.com\/wp-content\/uploads\/2015\/11\/3-2.jpg' width='960' height='380' title='3 (2)' alt=''  itemprop=\"thumbnailUrl\"   \/><\/div><\/li><\/ul><div class='avia-slideshow-arrows avia-slideshow-controls'><a href='#prev' class='prev-slide' aria-hidden='true' data-av_icon='\ue87c' data-av_iconfont='entypo-fontello'>F\u00f6reg\u00e5ende<\/a><a href='#next' class='next-slide' aria-hidden='true' data-av_icon='\ue87d' data-av_iconfont='entypo-fontello'>N\u00e4sta<\/a><\/div><div class='avia-slideshow-dots avia-slideshow-controls'><a href='#1' class='goto-slide active' >1<\/a><a href='#2' class='goto-slide ' >2<\/a><\/div><\/div><\/div><section class=\"av_textblock_section \"  itemscope=\"itemscope\" itemtype=\"https:\/\/schema.org\/CreativeWork\" ><div class='avia_textblock  '   itemprop=\"text\" ><h1>Framsida<\/h1>\n<p><b>WELD-TECH ApS<\/b><\/p>\n<p>WELD-TECH grundades 1993. F\u00f6retagets m\u00e5ls\u00e4ttning \u00e4r att tillverka effektiva och flexibla verktyg f\u00f6r fixering och anpassning av r\u00f6r och anslutningar av metall vid svetsning.<\/p>\n<p>Produkterna \u00e4r baserade p\u00e5 rentabilitet, flexibilitet och effektivitet till gagn f\u00f6r s\u00e5v\u00e4l anv\u00e4ndare som slutresultat.<\/p>\n<\/div><\/section>\n","protected":false},"excerpt":{"rendered":"","protected":false},"author":1,"featured_media":0,"parent":0,"menu_order":0,"comment_status":"closed","ping_status":"open","template":"","meta":{"footnotes":""},"acf":[],"_links":{"self":[{"href":"https:\/\/www.weld-tech.com\/sv\/wp-json\/wp\/v2\/pages\/418"}],"collection":[{"href":"https:\/\/www.weld-tech.com\/sv\/wp-json\/wp\/v2\/pages"}],"about":[{"href":"https:\/\/www.weld-tech.com\/sv\/wp-json\/wp\/v2\/types\/page"}],"author":[{"embeddable":true,"href":"https:\/\/www.weld-tech.com\/sv\/wp-json\/wp\/v2\/users\/1"}],"replies":[{"embeddable":true,"href":"https:\/\/www.weld-tech.com\/sv\/wp-json\/wp\/v2\/comments?post=418"}],"version-history":[{"count":5,"href":"https:\/\/www.weld-tech.com\/sv\/wp-json\/wp\/v2\/pages\/418\/revisions"}],"predecessor-version":[{"id":10853,"href":"https:\/\/www.weld-tech.com\/sv\/wp-json\/wp\/v2\/pages\/418\/revisions\/10853"}],"wp:attachment":[{"href":"https:\/\/www.weld-tech.com\/sv\/wp-json\/wp\/v2\/media?parent=418"}],"curies":[{"name":"wp","href":"https:\/\/api.w.org\/{rel}","templated":true}]}}